{"id":3423,"date":"2020-10-18T10:54:57","date_gmt":"2020-10-18T07:54:57","guid":{"rendered":"https:\/\/edel.ee\/?page_id=3423"},"modified":"2020-10-18T10:54:57","modified_gmt":"2020-10-18T07:54:57","slug":"%d1%8d%d0%ba%d0%be%d0%bb%d0%be%d0%b3%d0%b8%d1%8f","status":"publish","type":"page","link":"https:\/\/edel.ee\/ru\/o-predprijatii\/%d1%8d%d0%ba%d0%be%d0%bb%d0%be%d0%b3%d0%b8%d1%8f\/","title":{"rendered":"\u042d\u043a\u043e\u043b\u043e\u0433\u0438\u044f"},"content":{"rendered":"<h2>Pealkiri<\/h2>\n<p>Raudtee kaitsev\u00f6\u00f6ndisse (kuni 30 m \u00e4\u00e4rmisest r\u00f6\u00f6past) kavandatud ehitiste projektid (sh \u00fcld- ja detailplaneeringud) koosk\u00f5lastatakse Edelaraudtee AS-iga, esitades koosk\u00f5lastusmaterjalid elektrooniliselt aadressil <a href=\"mailto:edel@edel.ee\">edel@edel.ee<\/a> ja\/v\u00f5i <a href=\"mailto:eve.meres@edel.ee\">eve.meres@edel.ee<\/a>.<\/p>\n<p>Tegevusteks raudtee kaitsev\u00f6\u00f6ndis peab tegevuse kavandajal olema Edelaraudtee AS-i kirjalik luba &#8212; t\u00e4idetud loa taotlus esitada aadressil <a href=\"mailto:eve.meres@edel.ee\">eve.meres@edel.ee<\/a>.<\/p>\n<table>\n<tbody>\n<tr>\n<td style=\"width: 30px;\"><\/td>\n<td><\/td>\n<\/tr>\n<tr>\n<td style=\"width: 30px;\"><img loading=\"lazy\" decoding=\"async\" src=\"https:\/\/edel.ee\/wp-content\/uploads\/2015\/06\/iconPDF_40px.png\" alt=\"Laadi alla\" width=\"30\" height=\"40\" class=\"alignleft wp-image-1738 size-full\" \/><a href=\"https:\/\/edel.ee\/wp-content\/uploads\/2016\/05\/Kirjalik-n\u00f5usolek_vorm.xlsx\" target=\"_blank\" rel=\"noopener noreferrer\"><\/a><\/td>\n<td style=\"width: 100%;\"><a href=\"https:\/\/edel.ee\/wp-content\/uploads\/2020\/04\/KirjalikN\u00f5usolek_EdelaraudteeAS_vorm.pdf\" target=\"_blank\" rel=\"noopener noreferrer\">Kirjalik n\u00f5usolek tegevuseks Edelaraudtee AS raudteemaal\/-kaitsev\u00f6\u00f6ndis<\/a><\/td>\n<\/tr>\n<\/tbody>\n<\/table>\n<p>&nbsp;<\/p>\n","protected":false},"excerpt":{"rendered":"<p>Pealkiri Raudtee kaitsev\u00f6\u00f6ndisse (kuni 30 m \u00e4\u00e4rmisest r\u00f6\u00f6past) kavandatud ehitiste projektid (sh \u00fcld- ja detailplaneeringud) koosk\u00f5lastatakse Edelaraudtee AS-iga, esitades koosk\u00f5lastusmaterjalid elektrooniliselt aadressil edel@edel.ee ja\/v\u00f5i eve.meres@edel.ee. Tegevusteks raudtee kaitsev\u00f6\u00f6ndis peab tegevuse kavandajal olema Edelaraudtee AS-i kirjalik luba &#8212; t\u00e4idetud loa taotlus esitada aadressil eve.meres@edel.ee. Kirjalik n\u00f5usolek tegevuseks Edelaraudtee AS raudteemaal\/-kaitsev\u00f6\u00f6ndis &nbsp;<\/p>\n","protected":false},"author":5,"featured_media":0,"parent":3069,"menu_order":9,"comment_status":"closed","ping_status":"closed","template":"content-page-menu.php","meta":{"footnotes":""},"class_list":["post-3423","page","type-page","status-publish","hentry"],"_links":{"self":[{"href":"https:\/\/edel.ee\/ru\/wp-json\/wp\/v2\/pages\/3423","targetHints":{"allow":["GET"]}}],"collection":[{"href":"https:\/\/edel.ee\/ru\/wp-json\/wp\/v2\/pages"}],"about":[{"href":"https:\/\/edel.ee\/ru\/wp-json\/wp\/v2\/types\/page"}],"author":[{"embeddable":true,"href":"https:\/\/edel.ee\/ru\/wp-json\/wp\/v2\/users\/5"}],"replies":[{"embeddable":true,"href":"https:\/\/edel.ee\/ru\/wp-json\/wp\/v2\/comments?post=3423"}],"version-history":[{"count":3,"href":"https:\/\/edel.ee\/ru\/wp-json\/wp\/v2\/pages\/3423\/revisions"}],"predecessor-version":[{"id":3427,"href":"https:\/\/edel.ee\/ru\/wp-json\/wp\/v2\/pages\/3423\/revisions\/3427"}],"up":[{"embeddable":true,"href":"https:\/\/edel.ee\/ru\/wp-json\/wp\/v2\/pages\/3069"}],"wp:attachment":[{"href":"https:\/\/edel.ee\/ru\/wp-json\/wp\/v2\/media?parent=3423"}],"curies":[{"name":"wp","href":"https:\/\/api.w.org\/{rel}","templated":true}]}}