{"id":2806,"date":"2017-10-12T13:33:26","date_gmt":"2017-10-12T10:33:26","guid":{"rendered":"https:\/\/edel.ee\/?page_id=2806"},"modified":"2021-05-05T10:42:28","modified_gmt":"2021-05-05T07:42:28","slug":"freight-transport","status":"publish","type":"page","link":"https:\/\/edel.ee\/en\/freight\/freight-transport\/","title":{"rendered":"Freight transport"},"content":{"rendered":"<h2>Freight transport<\/h2>\n<p>&nbsp;<\/p>\n<p>The infrastructure of Edelaraudtee AS has 8 stations for use in rail transport: Liiva, Kohila, Rapla, T\u00fcri, V\u00f5hma, Viljandi, Tootsi and P\u00e4rnu.<\/p>\n<p>Freight from and to the freight stations of Edelaraudtee AS can be transported on the railway network with the track gauge of 1520 mm in the territory of Estonia and abroad.<\/p>\n<p>Edelaraudtee AS distributes railway capacity on its railway infrastructure according to Chapter 6 of the Railways Act.<\/p>\n<p>To provide freight transport services, rail freight operators must submit their application for capacity to Edelaraudtee AS.<\/p>\n<p>The capacity for providing freight transport services on the railway network of Edelaraudtee AS has been allocated to Go Rail AS during the timetabling period of 2019\u201320120.<\/p>\n<p>For further information on freight transport arrangements, transport terms and conditions, freight fees, incidental services and quotes, please contact\u00a0Go Rail\u00a0AS: Alar Pinsel, alar.pinsel@edel.ee, phone +372\u00a0516\u00a06091.<\/p>\n","protected":false},"excerpt":{"rendered":"<p>Freight transport &nbsp; The infrastructure of Edelaraudtee AS has 8 stations for use in rail transport: Liiva, Kohila, Rapla, T\u00fcri, V\u00f5hma, Viljandi, Tootsi and P\u00e4rnu. Freight from and to the freight stations of Edelaraudtee AS can be transported on the railway network with the track gauge of 1520 mm in the territory of Estonia and <a class=\"read-more\" href=\"https:\/\/edel.ee\/en\/freight\/freight-transport\/\">Loe edasi \u00bb<\/a><\/p>\n","protected":false},"author":10,"featured_media":0,"parent":2860,"menu_order":1,"comment_status":"closed","ping_status":"closed","template":"content-page-menu.php","meta":{"footnotes":""},"class_list":["post-2806","page","type-page","status-publish","hentry"],"_links":{"self":[{"href":"https:\/\/edel.ee\/en\/wp-json\/wp\/v2\/pages\/2806","targetHints":{"allow":["GET"]}}],"collection":[{"href":"https:\/\/edel.ee\/en\/wp-json\/wp\/v2\/pages"}],"about":[{"href":"https:\/\/edel.ee\/en\/wp-json\/wp\/v2\/types\/page"}],"author":[{"embeddable":true,"href":"https:\/\/edel.ee\/en\/wp-json\/wp\/v2\/users\/10"}],"replies":[{"embeddable":true,"href":"https:\/\/edel.ee\/en\/wp-json\/wp\/v2\/comments?post=2806"}],"version-history":[{"count":5,"href":"https:\/\/edel.ee\/en\/wp-json\/wp\/v2\/pages\/2806\/revisions"}],"predecessor-version":[{"id":3609,"href":"https:\/\/edel.ee\/en\/wp-json\/wp\/v2\/pages\/2806\/revisions\/3609"}],"up":[{"embeddable":true,"href":"https:\/\/edel.ee\/en\/wp-json\/wp\/v2\/pages\/2860"}],"wp:attachment":[{"href":"https:\/\/edel.ee\/en\/wp-json\/wp\/v2\/media?parent=2806"}],"curies":[{"name":"wp","href":"https:\/\/api.w.org\/{rel}","templated":true}]}}