{"id":2803,"date":"2017-10-12T10:19:02","date_gmt":"2017-10-12T07:19:02","guid":{"rendered":"https:\/\/edel.ee\/?page_id=2803"},"modified":"2020-03-20T13:13:00","modified_gmt":"2020-03-20T11:13:00","slug":"key-indicators","status":"publish","type":"page","link":"https:\/\/edel.ee\/en\/about-us\/key-indicators\/","title":{"rendered":"Key indicators"},"content":{"rendered":"<h2>Key indicators<\/h2>\n<p>Edelaraudtee AS was founded on 25\u00a0July\u00a02001<\/p>\n<p>&nbsp;<\/p>\n<h2>The company owns:<\/h2>\n<h3><span style=\"color: #00ccff;\">268 <span style=\"color: #000000;\">km of track structures, of which:<\/span><\/span><\/h3>\n<ul>\n<li>223.8 km are main tracks and<\/li>\n<li>44 km are station tracks;<\/li>\n<\/ul>\n<h3><span style=\"color: #00ccff;\">11 <span style=\"color: #000000;\">railway stations:<\/span><\/span><\/h3>\n<p>Tallinn-V\u00e4ike, Liiva, Kiisa, Kohila, Rapla, Lelle, Tootsi, P\u00e4rnu, T\u00fcri, V\u00f5hma and Viljandi;<\/p>\n<h3><span style=\"color: #00ccff;\">20 <span style=\"color: #000000;\">railway stops:<\/span><\/span><\/h3>\n<p>M\u00e4nniku, Saku, Kasemetsa, Roobuka, Vilivere, Lohu, Hagudi, Keava, Koogiste, Eidapere, Villivere, Tori, Pulli, Papiniidu, K\u00e4ru, Taikse, K\u00e4revere, Ollepa, Olustvere and S\u00fcrgavere;<\/p>\n<h3><span style=\"color: #00ccff;\">35 <span style=\"color: #000000;\">passenger platforms; and<\/span><\/span><\/h3>\n<h3><span style=\"color: #00ccff;\">72 <span style=\"color: #000000;\">level crossings, of which:<\/span><\/span><\/h3>\n<ul>\n<li>7 have automatic light signals, barrier gates and video surveillance;<\/li>\n<li>1 has automatic light signals and barrier gates; and<\/li>\n<li>20 have automatic light signals.<\/li>\n<\/ul>\n<p>&nbsp;<\/p>\n<h3>Passenger numbers<\/h3>\n<p>Numbers of trips on the railway network of Edelaraudtee AS by passenger transport operator:<\/p>\n<table style=\"width: 60%;\">\n<tbody>\n<tr>\n<td style=\"width: 50px;\">2013<\/td>\n<td><span style=\"color: #00ccff;\"><strong>7,630\u00a0<\/strong><\/span> (Edelaraudtee)<\/td>\n<\/tr>\n<tr>\n<td>2014<\/td>\n<td><span style=\"color: #00ccff;\"><strong>10,877\u00a0<\/strong><\/span> (Elron)<\/td>\n<\/tr>\n<tr>\n<td>2015<\/td>\n<td><span style=\"color: #00ccff;\"><strong>11,772\u00a0<\/strong><\/span> (Elron)<\/td>\n<\/tr>\n<tr>\n<td>2016<\/td>\n<td><span style=\"color: #00ccff;\"><strong>14,096\u00a0<\/strong><\/span> (Elron)<\/td>\n<\/tr>\n<\/tbody>\n<\/table>\n<p>&nbsp;<\/p>\n<h3>Schedule<\/h3>\n<p>Schedule of Edelaraudtee AS:<\/p>\n<table style=\"width: 60%;\">\n<tbody>\n<tr>\n<td>Viljandi \u2013 Tallinn (express)<\/td>\n<td style=\"width: 50px;\"><span style=\"color: #00ccff;\"><strong>2:13<\/strong><\/span><\/td>\n<\/tr>\n<tr>\n<td>Viljandi \u2013 Tallinn<\/td>\n<td><span style=\"color: #00ccff;\"><strong>2:20<\/strong><\/span><\/td>\n<\/tr>\n<tr>\n<td>T\u00fcri \u2013 Tallinn (express)<\/td>\n<td><span style=\"color: #00ccff;\"><strong>1:28<\/strong><\/span><\/td>\n<\/tr>\n<tr>\n<td>T\u00fcri \u2013 Tallinn<\/td>\n<td><span style=\"color: #00ccff;\"><strong>1:39<\/strong><\/span><\/td>\n<\/tr>\n<tr>\n<td>Rapla \u2013 Tallinn (express)<\/td>\n<td><span style=\"color: #00ccff;\"><strong>0:52<\/strong><\/span><\/td>\n<\/tr>\n<tr>\n<td>Rapla \u2013 Tallinn<\/td>\n<td><span style=\"color: #00ccff;\"><strong>1:02<\/strong><\/span><\/td>\n<\/tr>\n<tr>\n<td>P\u00e4rnu \u2013 Tallinn<\/td>\n<td><span style=\"color: #00ccff;\"><strong>2:19<\/strong><\/span><\/td>\n<\/tr>\n<tr>\n<td>P\u00e4rnu \u2013 Tallinn (changing trains in Lelle)<\/td>\n<td><span style=\"color: #00ccff;\"><strong>2:24<\/strong><\/span><\/td>\n<\/tr>\n<\/tbody>\n<\/table>\n<p>&nbsp;<\/p>\n","protected":false},"excerpt":{"rendered":"<p>Key indicators Edelaraudtee AS was founded on 25\u00a0July\u00a02001 &nbsp; The company owns: 268 km of track structures, of which: 223.8 km are main tracks and 44 km are station tracks; 11 railway stations: Tallinn-V\u00e4ike, Liiva, Kiisa, Kohila, Rapla, Lelle, Tootsi, P\u00e4rnu, T\u00fcri, V\u00f5hma and Viljandi; 20 railway stops: M\u00e4nniku, Saku, Kasemetsa, Roobuka, Vilivere, Lohu, Hagudi, <a class=\"read-more\" href=\"https:\/\/edel.ee\/en\/about-us\/key-indicators\/\">Loe edasi \u00bb<\/a><\/p>\n","protected":false},"author":10,"featured_media":0,"parent":2854,"menu_order":4,"comment_status":"closed","ping_status":"closed","template":"content-page-menu.php","meta":{"footnotes":""},"class_list":["post-2803","page","type-page","status-publish","hentry"],"_links":{"self":[{"href":"https:\/\/edel.ee\/en\/wp-json\/wp\/v2\/pages\/2803","targetHints":{"allow":["GET"]}}],"collection":[{"href":"https:\/\/edel.ee\/en\/wp-json\/wp\/v2\/pages"}],"about":[{"href":"https:\/\/edel.ee\/en\/wp-json\/wp\/v2\/types\/page"}],"author":[{"embeddable":true,"href":"https:\/\/edel.ee\/en\/wp-json\/wp\/v2\/users\/10"}],"replies":[{"embeddable":true,"href":"https:\/\/edel.ee\/en\/wp-json\/wp\/v2\/comments?post=2803"}],"version-history":[{"count":2,"href":"https:\/\/edel.ee\/en\/wp-json\/wp\/v2\/pages\/2803\/revisions"}],"predecessor-version":[{"id":3345,"href":"https:\/\/edel.ee\/en\/wp-json\/wp\/v2\/pages\/2803\/revisions\/3345"}],"up":[{"embeddable":true,"href":"https:\/\/edel.ee\/en\/wp-json\/wp\/v2\/pages\/2854"}],"wp:attachment":[{"href":"https:\/\/edel.ee\/en\/wp-json\/wp\/v2\/media?parent=2803"}],"curies":[{"name":"wp","href":"https:\/\/api.w.org\/{rel}","templated":true}]}}