{"id":2799,"date":"2017-10-11T16:51:17","date_gmt":"2017-10-11T13:51:17","guid":{"rendered":"https:\/\/edel.ee\/?page_id=2799"},"modified":"2020-03-20T13:11:57","modified_gmt":"2020-03-20T11:11:57","slug":"about-the-company","status":"publish","type":"page","link":"https:\/\/edel.ee\/en\/about-us\/about-the-company\/","title":{"rendered":"About the company"},"content":{"rendered":"<h2>About the company<\/h2>\n<p><strong>Edelaraudtee AS is<\/strong> a railway infrastructure company of the Edelaraudtee Group. It manages <strong>223.8 km of railway lines<\/strong> (138.9 km on the Tallinn\u2013Lelle\u2013P\u00e4rnu line, 79.6 km on the Lelle\u2013T\u00fcri\u2013Viljandi line, and 5.3 km on the Liiva\u2013\u00dclemiste line) and <strong>11 railway stations<\/strong> (Tallinn-V\u00e4ike, Liiva, Kiisa, Kohila, Rapla, Lelle, Tootsi, P\u00e4rnu, T\u00fcri, V\u00f5hma and Viljandi), plus 20 passenger platforms outside stations. Liiva, Kohila, Rapla, Tootsi, P\u00e4rnu, T\u00fcri, V\u00f5hma and Viljandi stations are freight stations.<\/p>\n<p><img loading=\"lazy\" decoding=\"async\" width=\"580\" height=\"349\" class=\"alignleft wp-image-2057 size-full\" alt=\"Peakontor T\u00fcril\" src=\"https:\/\/edel.ee\/wp-content\/uploads\/2015\/07\/Tyri_kontor-e1437038751361.jpg\" \/><\/p>\n<p>Edelaraudtee AS provides railway infrastructure services and traffic management to rail transport operators and rolling stock owners. The company has almost 100 employees.<\/p>\n<p>Any necessary construction work, track maintenance, building and territory maintenance and accounting services are outsourced. The company itself oversees all outsourced services.<\/p>\n<p>In addition to managing public railway infrastructure and providing its use, clients are offered the following services:<\/p>\n<ul>\n<li>technical supervision of the railway and the related built structures;<\/li>\n<li>owner supervision.\n<\/li>\n<\/ul>\n<p>To make our operating activities more purposeful, we have taken on some supporting activities:<\/p>\n<ul>\n<li>railway design work;<\/li>\n<li>construction;<\/li>\n<li>construction management and owner supervision; and<\/li>\n<li>electrical work\n<\/li>\n<\/ul>\n<p>(entered in the register of economic activities under No\u00a0RE00006 and No\u00a0EL10786958-0001).<\/p>\n<p>&nbsp;<\/p>\n<h3>Management<\/h3>\n<p>The Management Board organises the operations of the whole company and coordinates the cooperation between its structural units. According to the Articles of Association, each board member has full representation powers.<\/p>\n<p>The structure of Edelaraudtee AS was formed with an aim to ensure purposeful organisation of its operating activities all over the railway network in order to ensure effective synergy of various activities irrespective of the geographical location of the place of activity.<\/p>\n","protected":false},"excerpt":{"rendered":"<p>About the company Edelaraudtee AS is a railway infrastructure company of the Edelaraudtee Group. It manages 223.8 km of railway lines (138.9 km on the Tallinn\u2013Lelle\u2013P\u00e4rnu line, 79.6 km on the Lelle\u2013T\u00fcri\u2013Viljandi line, and 5.3 km on the Liiva\u2013\u00dclemiste line) and 11 railway stations (Tallinn-V\u00e4ike, Liiva, Kiisa, Kohila, Rapla, Lelle, Tootsi, P\u00e4rnu, T\u00fcri, V\u00f5hma and <a class=\"read-more\" href=\"https:\/\/edel.ee\/en\/about-us\/about-the-company\/\">Loe edasi \u00bb<\/a><\/p>\n","protected":false},"author":10,"featured_media":0,"parent":2854,"menu_order":1,"comment_status":"closed","ping_status":"closed","template":"content-page-menu.php","meta":{"footnotes":""},"class_list":["post-2799","page","type-page","status-publish","hentry"],"_links":{"self":[{"href":"https:\/\/edel.ee\/en\/wp-json\/wp\/v2\/pages\/2799","targetHints":{"allow":["GET"]}}],"collection":[{"href":"https:\/\/edel.ee\/en\/wp-json\/wp\/v2\/pages"}],"about":[{"href":"https:\/\/edel.ee\/en\/wp-json\/wp\/v2\/types\/page"}],"author":[{"embeddable":true,"href":"https:\/\/edel.ee\/en\/wp-json\/wp\/v2\/users\/10"}],"replies":[{"embeddable":true,"href":"https:\/\/edel.ee\/en\/wp-json\/wp\/v2\/comments?post=2799"}],"version-history":[{"count":3,"href":"https:\/\/edel.ee\/en\/wp-json\/wp\/v2\/pages\/2799\/revisions"}],"predecessor-version":[{"id":3343,"href":"https:\/\/edel.ee\/en\/wp-json\/wp\/v2\/pages\/2799\/revisions\/3343"}],"up":[{"embeddable":true,"href":"https:\/\/edel.ee\/en\/wp-json\/wp\/v2\/pages\/2854"}],"wp:attachment":[{"href":"https:\/\/edel.ee\/en\/wp-json\/wp\/v2\/media?parent=2799"}],"curies":[{"name":"wp","href":"https:\/\/api.w.org\/{rel}","templated":true}]}}