{"id":2791,"date":"2017-10-11T16:26:47","date_gmt":"2017-10-11T13:26:47","guid":{"rendered":"https:\/\/edel.ee\/?page_id=2791"},"modified":"2023-07-26T23:42:02","modified_gmt":"2023-07-26T20:42:02","slug":"contact-us","status":"publish","type":"page","link":"https:\/\/edel.ee\/en\/about-us\/contact-us\/","title":{"rendered":"Contact us"},"content":{"rendered":"<h2>Edelaraudtee AS<\/h2>\n<p>Kaare 25, T\u00fcri, 72212 J\u00e4rvamaa, Eesti<br \/>General phone: 38 48 301<br \/>E-mail: edel@edel.ee<\/p>\n<p>&nbsp;<\/p>\n<h2>Office<\/h2>\n<table class=\"zebra\">\n<tbody>\n<tr>\n<td style=\"width: 130px;\"><strong>Rain Kaarjas<\/strong><\/td>\n<td style=\"width: 165px;\">Member of the management board<\/td>\n<td style=\"width: 110px; text-align: right;\">+372 38 48 331<\/td>\n<td style=\"width: 170px; text-align: right;\">rain.kaarjas@edel.ee<\/td>\n<\/tr>\n<tr>\n<td><strong>Eve Meres<\/strong><\/td>\n<td>Head of the Development and Planning Service<\/td>\n<td style=\"text-align: right;\"><span>+372\u00a0<\/span>38 48 307<\/td>\n<td style=\"text-align: right;\">eve.meres@edel.ee<\/td>\n<\/tr>\n<tr>\n<td><strong>Maie Krass<\/strong><\/td>\n<td>Infrastructure specialist<\/td>\n<td style=\"text-align: right;\"><span>+372\u00a0<\/span>38 48 334<\/td>\n<td style=\"text-align: right;\">maie.krass@edel.ee<\/td>\n<\/tr>\n<tr>\n<td><strong>Ahto Lindm\u00e4e<\/strong><\/td>\n<td>Controller<\/td>\n<td style=\"text-align: right;\"><span>+372\u00a0<\/span>38 48 350<\/td>\n<td style=\"text-align: right;\">ahto.lindm\u00e4e@edel.ee<\/td>\n<\/tr>\n<tr>\n<td><strong>Riina Randv\u00e4li<\/strong><\/td>\n<td>Personnel specialist<\/td>\n<td style=\"text-align: right;\"><span>+372\u00a0<\/span>38 48 342<\/td>\n<td style=\"text-align: right;\">riina.randvali@edel.ee<\/td>\n<\/tr>\n<tr>\n<td><strong>Kersti Aasav\u00e4li<\/strong><\/td>\n<td>Head of the Traffic Service<\/td>\n<td style=\"text-align: right;\"><span>+372\u00a0<\/span>38 48 321<\/td>\n<td style=\"text-align: right;\">kersti.aasavali@edel.ee<\/td>\n<\/tr>\n<tr>\n<td><strong>T\u00f5nu Kipper<\/strong><\/td>\n<td>Quality and safety manager<\/td>\n<td style=\"text-align: right;\"><span>+372\u00a0<\/span>38 48 372<\/td>\n<td style=\"text-align: right;\">tonu.kipper@edel.ee<\/td>\n<\/tr>\n<tr>\n<td><strong>Moonika Siniallik<\/strong><\/td>\n<td>Internal auditor<\/td>\n<td style=\"text-align: right;\"><span>+372\u00a0<\/span>38 48 373<\/td>\n<td style=\"text-align: right;\">moonika.siniallik@edel.ee<\/td>\n<\/tr>\n<tr>\n<td><strong>Hannes Taube<\/strong><\/td>\n<td>Head of the Track Service<\/td>\n<td style=\"text-align: right;\"><span>+372\u00a0<\/span>38 48 327<\/td>\n<td style=\"text-align: right;\">hannes.taube@edel.ee<\/td>\n<\/tr>\n<tr>\n<td><strong>Andres Kuusik<\/strong><\/td>\n<td>Head of the Energy Unit<\/td>\n<td style=\"text-align: right;\"><span>+372\u00a0<\/span>38 48 376<\/td>\n<td style=\"text-align: right;\">andres.kuusik@edel.ee<\/td>\n<\/tr>\n<tr>\n<td><strong>Andres T\u00fcrn<\/strong><\/td>\n<td>Head of the Communications and Energy Service<\/td>\n<td style=\"text-align: right;\"><span>+372\u00a0<\/span>38 48 374<br \/><span>+372\u00a0<\/span>48 96 903<\/td>\n<td style=\"text-align: right;\">andres.tyrn@edel.ee<\/td>\n<\/tr>\n<tr>\n<td><strong><\/strong><\/td>\n<td><\/td>\n<td style=\"text-align: right;\"><\/td>\n<td style=\"text-align: right;\"><\/td>\n<\/tr>\n<\/tbody>\n<\/table>\n<p>&nbsp;<\/p>\n<h2>Stations<\/h2>\n<table class=\"zebra\">\n<tbody>\n<tr>\n<td style=\"width: 130px;\"><strong>Lya Saem<\/strong><\/td>\n<td style=\"width: 165px;\">Station master at the Liiva Station (incl. Tallinn-V\u00e4ike, Liiva and Kiisa)<\/td>\n<td style=\"width: 110px; text-align: right;\"><span>+372\u00a0<\/span>62 85 470<\/td>\n<td style=\"width: 170px; text-align: right;\">lya.saem@edel.ee<\/td>\n<\/tr>\n<tr>\n<td>Tallinn-V\u00e4ike jaam<\/td>\n<td colspan=\"3\">Juurdeveo 28, 11313 Tallinn<\/td>\n<\/tr>\n<tr>\n<td>Liiva jaam<\/td>\n<td colspan=\"3\">Orava 21B, 11214 Tallinn<\/td>\n<\/tr>\n<tr>\n<td>Kiisa jaam<\/td>\n<td colspan=\"3\">Kiisa, Saku vald, 75503 Harjumaa<\/td>\n<\/tr>\n<tr>\n<td><strong>Keiu Ojamets<\/strong><\/td>\n<td>Station master at the Rapla Station (incl. Kohila, Rapla and Lelle)<\/td>\n<td style=\"text-align: right;\"><span>+372\u00a0<\/span>48 96 954<\/td>\n<td style=\"text-align: right;\">keiu.ojamets@go.ee<\/td>\n<\/tr>\n<tr>\n<td>Kohila jaam<\/td>\n<td colspan=\"3\">Jaama 6, 79801 Kohila<\/td>\n<\/tr>\n<tr>\n<td>Rapla jaam<\/td>\n<td colspan=\"3\">Jaama 6, 79514 Rapla<\/td>\n<\/tr>\n<tr>\n<td>Lelle jaam<\/td>\n<td colspan=\"3\">Kehtna vald, 79002 Raplamaa<\/td>\n<\/tr>\n<tr>\n<td><strong>Niina Rak<\/strong><\/td>\n<td>Station master at the T\u00fcri Station (incl. T\u00fcri, V\u00f5hma and Viljandi)<\/td>\n<td style=\"text-align: right;\"><\/td>\n<td style=\"text-align: right;\">niina.rak@edel.ee<\/td>\n<\/tr>\n<tr>\n<td>T\u00fcri jaam<\/td>\n<td colspan=\"3\">Jaama 8, T\u00fcri, 72212 J\u00e4rvamaa<\/td>\n<\/tr>\n<tr>\n<td>V\u00f5hma jaam<\/td>\n<td colspan=\"3\">Spordi 2, 70602 Viljandimaa<\/td>\n<\/tr>\n<tr>\n<td>Viljandi jaam<\/td>\n<td colspan=\"3\">Vaksali 44, 71020 Viljandi<\/td>\n<\/tr>\n<tr>\n<td><strong>Dmitri Lebedev<\/strong><\/td>\n<td>Station master at the P\u00e4rnu Station (incl. Tootsi and P\u00e4rnu)<\/td>\n<td style=\"text-align: right;\"><span>+372\u00a0<\/span>44 62 400<\/td>\n<td style=\"text-align: right;\">dmitri.lebedev@edel.ee<\/td>\n<\/tr>\n<tr>\n<td>Tootsi jaam<\/td>\n<td colspan=\"3\">Elbi, Tori vald, 86801 P\u00e4rnumaa<\/td>\n<\/tr>\n<tr>\n<td>P\u00e4rnu jaam<\/td>\n<td colspan=\"3\">Jaama 4, 80044 P\u00e4rnu<\/td>\n<\/tr>\n<tr>\n<td><\/td>\n<td><\/td>\n<td style=\"text-align: right;\"><\/td>\n<td style=\"text-align: right;\"><\/td>\n<\/tr>\n<\/tbody>\n<\/table>\n","protected":false},"excerpt":{"rendered":"<p>Edelaraudtee AS Kaare 25, T\u00fcri, 72212 J\u00e4rvamaa, EestiGeneral phone: 38 48 301E-mail: edel@edel.ee &nbsp; Office Rain Kaarjas Member of the management board +372 38 48 331 rain.kaarjas@edel.ee Eve Meres Head of the Development and Planning Service +372\u00a038 48 307 eve.meres@edel.ee Maie Krass Infrastructure specialist +372\u00a038 48 334 maie.krass@edel.ee Ahto Lindm\u00e4e Controller +372\u00a038 48 350 ahto.lindm\u00e4e@edel.ee <a class=\"read-more\" href=\"https:\/\/edel.ee\/en\/about-us\/contact-us\/\">Loe edasi \u00bb<\/a><\/p>\n","protected":false},"author":10,"featured_media":0,"parent":2854,"menu_order":2,"comment_status":"closed","ping_status":"closed","template":"content-page-menu.php","meta":{"footnotes":""},"class_list":["post-2791","page","type-page","status-publish","hentry"],"_links":{"self":[{"href":"https:\/\/edel.ee\/en\/wp-json\/wp\/v2\/pages\/2791","targetHints":{"allow":["GET"]}}],"collection":[{"href":"https:\/\/edel.ee\/en\/wp-json\/wp\/v2\/pages"}],"about":[{"href":"https:\/\/edel.ee\/en\/wp-json\/wp\/v2\/types\/page"}],"author":[{"embeddable":true,"href":"https:\/\/edel.ee\/en\/wp-json\/wp\/v2\/users\/10"}],"replies":[{"embeddable":true,"href":"https:\/\/edel.ee\/en\/wp-json\/wp\/v2\/comments?post=2791"}],"version-history":[{"count":6,"href":"https:\/\/edel.ee\/en\/wp-json\/wp\/v2\/pages\/2791\/revisions"}],"predecessor-version":[{"id":3973,"href":"https:\/\/edel.ee\/en\/wp-json\/wp\/v2\/pages\/2791\/revisions\/3973"}],"up":[{"embeddable":true,"href":"https:\/\/edel.ee\/en\/wp-json\/wp\/v2\/pages\/2854"}],"wp:attachment":[{"href":"https:\/\/edel.ee\/en\/wp-json\/wp\/v2\/media?parent=2791"}],"curies":[{"name":"wp","href":"https:\/\/api.w.org\/{rel}","templated":true}]}}