{"id":2780,"date":"2017-10-11T15:19:04","date_gmt":"2017-10-11T12:19:04","guid":{"rendered":"https:\/\/edel.ee\/?page_id=2780"},"modified":"2018-01-03T18:47:23","modified_gmt":"2018-01-03T16:47:23","slug":"freight-stations","status":"publish","type":"page","link":"https:\/\/edel.ee\/en\/freight\/freight-stations\/","title":{"rendered":"Freight stations"},"content":{"rendered":"<h2>Freight stations<\/h2>\n<p>&nbsp;<\/p>\n<table style=\"width: 100%;\">\n<tbody>\n<tr>\n<td>\n<h4>Liiva (Tallinn)<\/h4>\n<\/td>\n<td>code 088308<\/td>\n<td>Orava 21b, 11214 TALLINN<\/td>\n<\/tr>\n<tr>\n<td>\n<h4>Kohila<\/h4>\n<\/td>\n<td>code 088401<\/td>\n<td>Raudteejaama 1, 79801 KOHILA<\/td>\n<\/tr>\n<tr>\n<td>\n<h4>Rapla<\/h4>\n<\/td>\n<td>code 088505<\/td>\n<td>Jaama 6, 79514 RAPLA<\/td>\n<\/tr>\n<tr>\n<td>\n<h4>T\u00fcri<\/h4>\n<\/td>\n<td>code 088702<\/td>\n<td>Jaama 8, 72212 T\u00dcRI<\/td>\n<\/tr>\n<tr>\n<td>\n<h4>V\u00f5hma<\/h4>\n<\/td>\n<td>code 088806<\/td>\n<td>Spordi 2, 70602 V\u00d5HMA<\/td>\n<\/tr>\n<tr>\n<td>\n<h4>Viljandi<\/h4>\n<\/td>\n<td>code 088905<\/td>\n<td>Vaksali 44, 71020 VILJANDI<\/td>\n<\/tr>\n<tr>\n<td>\n<h4>Tootsi<\/h4>\n<\/td>\n<td>code 089000<\/td>\n<td>Elbi, Tori vald, 86801 P\u00c4RNUMAA<\/td>\n<\/tr>\n<tr>\n<td>\n<h4>P\u00e4rnu<\/h4>\n<\/td>\n<td>code 089103<\/td>\n<td>Jaama 4, 80044 P\u00c4RNU<\/td>\n<\/tr>\n<\/tbody>\n<\/table>\n<p>&nbsp;<\/p>\n","protected":false},"excerpt":{"rendered":"<p>Freight stations &nbsp; Liiva (Tallinn) code 088308 Orava 21b, 11214 TALLINN Kohila code 088401 Raudteejaama 1, 79801 KOHILA Rapla code 088505 Jaama 6, 79514 RAPLA T\u00fcri code 088702 Jaama 8, 72212 T\u00dcRI V\u00f5hma code 088806 Spordi 2, 70602 V\u00d5HMA Viljandi code 088905 Vaksali 44, 71020 VILJANDI Tootsi code 089000 Elbi, Tori vald, 86801 P\u00c4RNUMAA P\u00e4rnu <a class=\"read-more\" href=\"https:\/\/edel.ee\/en\/freight\/freight-stations\/\">Loe edasi \u00bb<\/a><\/p>\n","protected":false},"author":10,"featured_media":0,"parent":2860,"menu_order":2,"comment_status":"closed","ping_status":"closed","template":"content-page-menu.php","meta":{"footnotes":""},"class_list":["post-2780","page","type-page","status-publish","hentry"],"_links":{"self":[{"href":"https:\/\/edel.ee\/en\/wp-json\/wp\/v2\/pages\/2780","targetHints":{"allow":["GET"]}}],"collection":[{"href":"https:\/\/edel.ee\/en\/wp-json\/wp\/v2\/pages"}],"about":[{"href":"https:\/\/edel.ee\/en\/wp-json\/wp\/v2\/types\/page"}],"author":[{"embeddable":true,"href":"https:\/\/edel.ee\/en\/wp-json\/wp\/v2\/users\/10"}],"replies":[{"embeddable":true,"href":"https:\/\/edel.ee\/en\/wp-json\/wp\/v2\/comments?post=2780"}],"version-history":[{"count":1,"href":"https:\/\/edel.ee\/en\/wp-json\/wp\/v2\/pages\/2780\/revisions"}],"predecessor-version":[{"id":2781,"href":"https:\/\/edel.ee\/en\/wp-json\/wp\/v2\/pages\/2780\/revisions\/2781"}],"up":[{"embeddable":true,"href":"https:\/\/edel.ee\/en\/wp-json\/wp\/v2\/pages\/2860"}],"wp:attachment":[{"href":"https:\/\/edel.ee\/en\/wp-json\/wp\/v2\/media?parent=2780"}],"curies":[{"name":"wp","href":"https:\/\/api.w.org\/{rel}","templated":true}]}}