{"id":2736,"date":"2017-10-11T11:18:00","date_gmt":"2017-10-11T08:18:00","guid":{"rendered":"https:\/\/edel.ee\/?page_id=2736"},"modified":"2020-06-15T16:37:50","modified_gmt":"2020-06-15T13:37:50","slug":"home","status":"publish","type":"page","link":"https:\/\/edel.ee\/en\/","title":{"rendered":"Introduction"},"content":{"rendered":"<p><strong>Edelaraudtee AS<\/strong> is a railway infrastructure company of the Edelaraudtee Group. It manages <strong>223.8\u00a0km of railway lines<\/strong> (138.9\u00a0km on the Tallinn\u2013Lelle\u2013P\u00e4rnu line, 79.6\u00a0km on the Lelle\u2013T\u00fcri\u2013Viljandi line, and 5.3\u00a0km on the Liiva\u2013\u00dclemiste line) and <strong>11\u00a0railway stations<\/strong> (Tallinn-V\u00e4ike, Liiva, Kiisa, Kohila, Rapla, Lelle, Tootsi, P\u00e4rnu, T\u00fcri, V\u00f5hma and Viljandi), plus 20\u00a0passenger platforms outside stations. Liiva, Kohila, Rapla, Tootsi, P\u00e4rnu, T\u00fcri, V\u00f5hma and Viljandi stations are freight stations.<\/p>\n<p><strong>Edelaraudtee AS provides<\/strong> railway infrastructure services and traffic management to rail transport operators and rolling stock owners. The company has almost 100 employees.<\/p>\n","protected":false},"excerpt":{"rendered":"<p>Edelaraudtee AS is a railway infrastructure company of the Edelaraudtee Group. It manages 223.8\u00a0km of railway lines (138.9\u00a0km on the Tallinn\u2013Lelle\u2013P\u00e4rnu line, 79.6\u00a0km on the Lelle\u2013T\u00fcri\u2013Viljandi line, and 5.3\u00a0km on the Liiva\u2013\u00dclemiste line) and 11\u00a0railway stations (Tallinn-V\u00e4ike, Liiva, Kiisa, Kohila, Rapla, Lelle, Tootsi, P\u00e4rnu, T\u00fcri, V\u00f5hma and Viljandi), plus 20\u00a0passenger platforms outside stations. Liiva, Kohila, <a class=\"read-more\" href=\"https:\/\/edel.ee\/en\/\">Loe edasi \u00bb<\/a><\/p>\n","protected":false},"author":10,"featured_media":0,"parent":0,"menu_order":0,"comment_status":"open","ping_status":"open","template":"front-page.php","meta":{"footnotes":""},"class_list":["post-2736","page","type-page","status-publish","hentry"],"_links":{"self":[{"href":"https:\/\/edel.ee\/en\/wp-json\/wp\/v2\/pages\/2736","targetHints":{"allow":["GET"]}}],"collection":[{"href":"https:\/\/edel.ee\/en\/wp-json\/wp\/v2\/pages"}],"about":[{"href":"https:\/\/edel.ee\/en\/wp-json\/wp\/v2\/types\/page"}],"author":[{"embeddable":true,"href":"https:\/\/edel.ee\/en\/wp-json\/wp\/v2\/users\/10"}],"replies":[{"embeddable":true,"href":"https:\/\/edel.ee\/en\/wp-json\/wp\/v2\/comments?post=2736"}],"version-history":[{"count":4,"href":"https:\/\/edel.ee\/en\/wp-json\/wp\/v2\/pages\/2736\/revisions"}],"predecessor-version":[{"id":3380,"href":"https:\/\/edel.ee\/en\/wp-json\/wp\/v2\/pages\/2736\/revisions\/3380"}],"wp:attachment":[{"href":"https:\/\/edel.ee\/en\/wp-json\/wp\/v2\/media?parent=2736"}],"curies":[{"name":"wp","href":"https:\/\/api.w.org\/{rel}","templated":true}]}}